{"id":25,"date":"2018-01-04T14:52:07","date_gmt":"2018-01-04T14:52:07","guid":{"rendered":"http:\/\/ablyfting.is\/?page_id=25"},"modified":"2020-03-09T14:16:13","modified_gmt":"2020-03-09T14:16:13","slug":"upplysingar","status":"publish","type":"page","link":"https:\/\/ablyfting.is\/","title":{"rendered":"Uppl\u00fdsingar"},"content":{"rendered":"<p>[et_pb_section fb_built=&#8220;1&#8243; fullwidth=&#8220;on&#8220; _builder_version=&#8220;3.22&#8243; background_color=&#8220;#2ea3f2&#8243; background_color_gradient_direction=&#8220;330deg&#8220; background_image=&#8220;https:\/\/ablyfting.is\/wp-content\/uploads\/2018\/01\/eimskip.png&#8220; background_position=&#8220;center_right&#8220; min_height=&#8220;497.8px&#8220; custom_margin=&#8220;||-2px|||&#8220; custom_padding=&#8220;68px|0px|109px|0px|false|false&#8220;][et_pb_fullwidth_header title=&#8220;Kranaleigan&#8220; _builder_version=&#8220;4.4.0&#8243; title_font=&#8220;Asap Condensed||||||||&#8220; title_text_align=&#8220;center&#8220; title_text_color=&#8220;#e06800&#8243; title_font_size=&#8220;70px&#8220; background_enable_color=&#8220;off&#8220; background_layout=&#8220;light&#8220; title_text_shadow_style=&#8220;preset1&#8243; title_text_shadow_horizontal_length=&#8220;-0.03em&#8220; title_text_shadow_vertical_length=&#8220;0.01em&#8220; title_text_shadow_color=&#8220;#ffffff&#8220;]<\/p>\n<h2 style=\"text-align: center;\"><strong>S\u00edmi : 896 2301<\/strong><\/h2>\n<p>[\/et_pb_fullwidth_header][et_pb_fullwidth_image src=&#8220;https:\/\/ablyfting.is\/wp-content\/uploads\/2018\/01\/ab-logo-150px.png&#8220; _builder_version=&#8220;4.4.0&#8243; max_width=&#8220;12%&#8220; max_width_tablet=&#8220;34%&#8220; max_width_phone=&#8220;&#8220; max_width_last_edited=&#8220;on|tablet&#8220; module_alignment=&#8220;center&#8220; custom_margin=&#8220;-62px||-62px||false|&#8220; custom_margin_tablet=&#8220;&#8220; custom_margin_phone=&#8220;||-62px|&#8220; custom_margin_last_edited=&#8220;on|phone&#8220; custom_padding=&#8220;8px|||||&#8220;]&nbsp;<br \/>\n[\/et_pb_fullwidth_image][et_pb_fullwidth_header _builder_version=&#8220;4.4.0&#8243; title_text_align=&#8220;center&#8220; title_text_color=&#8220;#242424&#8243; background_enable_color=&#8220;off&#8220; custom_padding=&#8220;105px|||||&#8220; title_text_shadow_style=&#8220;preset4&#8243;]<\/p>\n<div class=\"col-xs-12 col-sm-8 col-md-8\">\n<h3 class=\"companyname\" role=\"heading\" aria-level=\"1\" style=\"text-align: center;\"><span style=\"color: #000000;\"><a class=\"location address addressfield wait-for-tracking\" title=\"Sj\u00e1 fleiri skr\u00e1\u00f0a a\u00f0 Melabraut 23-25, 220 Hafnarfir\u00f0i\" href=\"https:\/\/ja.is\/?q=Melabraut%2023-25%2C%20220%20Hafnarfir%C3%B0i\" data-event-what=\"lnk\" data-event-name=\"Viewed more results for address\" style=\"color: #000000;\"><br \/> <\/a><\/span><\/h3>\n<\/div>\n<h3 style=\"text-align: center;\"><span style=\"color: #000000;\"><strong>\u00a0<\/strong><\/span><\/h3>\n<p>[\/et_pb_fullwidth_header][\/et_pb_section][et_pb_section fb_built=&#8220;1&#8243; _builder_version=&#8220;4.4.0&#8243; background_color=&#8220;#e06800&#8243; min_height=&#8220;41px&#8220; custom_padding=&#8220;0px||4px|||&#8220;][et_pb_row _builder_version=&#8220;4.4.0&#8243; custom_padding=&#8220;16px||4px|||&#8220;][et_pb_column type=&#8220;4_4&#8243; _builder_version=&#8220;4.4.0&#8243;][et_pb_text _builder_version=&#8220;4.4.0&#8243; text_font=&#8220;||||||||&#8220; text_text_color=&#8220;#ffffff&#8220; text_font_size=&#8220;2px&#8220; header_font_size=&#8220;16px&#8220;]<\/p>\n<h1 class=\"et_pb_module_header et-fb-editable-element et-fb-editable-element__editing\" data-shortcode-id=\"0.1-1583752423685\" data-quickaccess-id=\"title\" contenteditable=\"true\" style=\"text-align: center;\"><strong>Melabraut 23-25, 220 Hafnarfir\u00f0i<\/p>\n<p> S\u00edmi : 896 2301<\/p>\n<p><\/strong>Kennitala:\u00a0531295-2189 &#8211; VSK N\u00famer:\u00a048737<\/h1>\n<p>[\/et_pb_text][\/et_pb_column][\/et_pb_row][\/et_pb_section]<\/p>\n","protected":false},"excerpt":{"rendered":"<p>S\u00edmi : 896 2301&nbsp; \u00a0Melabraut 23-25, 220 Hafnarfir\u00f0i S\u00edmi : 896 2301Kennitala:\u00a0531295-2189 &#8211; VSK N\u00famer:\u00a048737<\/p>\n","protected":false},"author":2,"featured_media":0,"parent":0,"menu_order":0,"comment_status":"closed","ping_status":"closed","template":"","meta":{"_et_pb_use_builder":"on","_et_pb_old_content":"<h4 role=\"heading\" aria-level=\"1\">\u00a0<\/h4><h4 class=\"companyname\" role=\"heading\" aria-level=\"1\">Kranaleigan \u00c1B Lyfting ehf<br \/> <a class=\"location address addressfield wait-for-tracking\" title=\"Sj\u00e1 fleiri skr\u00e1\u00f0a a\u00f0 Melabraut 23-25, 220 Hafnarfir\u00f0i\" href=\"https:\/\/ja.is\/?q=Melabraut%2023-25%2C%20220%20Hafnarfir%C3%B0i\" data-event-what=\"lnk\" data-event-name=\"Viewed more results for address\">Melabraut 23-25, 220 Hafnarfir\u00f0i<\/a><\/h4><ul class=\"unstyled companyreg\"><li>Kennitala: <strong>531295-2189<\/strong><\/li><li>VSK N\u00famer: <strong>48737<\/strong><\/li><li>S\u00edmi: 8962301<\/li><\/ul>","_et_gb_content_width":"","footnotes":""},"_links":{"self":[{"href":"https:\/\/ablyfting.is\/index.php?rest_route=\/wp\/v2\/pages\/25"}],"collection":[{"href":"https:\/\/ablyfting.is\/index.php?rest_route=\/wp\/v2\/pages"}],"about":[{"href":"https:\/\/ablyfting.is\/index.php?rest_route=\/wp\/v2\/types\/page"}],"author":[{"embeddable":true,"href":"https:\/\/ablyfting.is\/index.php?rest_route=\/wp\/v2\/users\/2"}],"replies":[{"embeddable":true,"href":"https:\/\/ablyfting.is\/index.php?rest_route=%2Fwp%2Fv2%2Fcomments&post=25"}],"version-history":[{"count":17,"href":"https:\/\/ablyfting.is\/index.php?rest_route=\/wp\/v2\/pages\/25\/revisions"}],"predecessor-version":[{"id":114,"href":"https:\/\/ablyfting.is\/index.php?rest_route=\/wp\/v2\/pages\/25\/revisions\/114"}],"wp:attachment":[{"href":"https:\/\/ablyfting.is\/index.php?rest_route=%2Fwp%2Fv2%2Fmedia&parent=25"}],"curies":[{"name":"wp","href":"https:\/\/api.w.org\/{rel}","templated":true}]}}